{"id":113,"date":"2011-10-20T19:35:16","date_gmt":"2011-10-20T17:35:16","guid":{"rendered":"https:\/\/adventkirken.info\/arendal\/?page_id=113"},"modified":"2024-07-05T10:15:10","modified_gmt":"2024-07-05T08:15:10","slug":"kirken-var","status":"publish","type":"page","link":"https:\/\/adventkirken.info\/arendal\/kirken-var\/","title":{"rendered":"Kirken v\u00e5r"},"content":{"rendered":"<p><strong>Historien om kirken v\u00e5r<\/strong><\/p>\n<p>Den f\u00f8rste Syvendedags Adventistkirken p\u00e5 S\u00f8rlandet ble stiftet i Arendal den 13. februar 1892 av danskamerikaneren Knud Brorson. Navnet tilkjennegir to s\u00e6rmerkte trospunkter. Helligholdelsen av sabbaten, ukens syvende dag (l\u00f8rdag), og forventningen om Jesu snare komme. Evangeliets grunnleggende sannhet om frelsen i Jesus Kristus er det sentrale i forkynnelsen.<\/p>\n<p>Siden slutten av 40-\u00e5rene har menigheten holdt til i Adventkirken i Klevgaten 5, men flyttet i februar 2019 til nye lokaler p\u00e5 Tangen All\u00e8 3 p\u00e5 His. Medlemstallet i dag (2018) er ca. 90 voksne og 25 barn.<\/p>\n\n\n<figure class=\"wp-block-gallery columns-3 is-cropped wp-block-gallery-1 is-layout-flex wp-block-gallery-is-layout-flex\"><ul class=\"blocks-gallery-grid\"><li class=\"blocks-gallery-item\"><figure><img loading=\"lazy\" decoding=\"async\" width=\"1024\" height=\"498\" src=\"https:\/\/adventkirken.info\/arendal\/wp\/wp-content\/uploads\/2020\/07\/kirken-original-2020-1024x498.jpg\" alt=\"\" data-id=\"943\" data-link=\"https:\/\/adventkirken.info\/arendal\/kirken-var\/kirken-original-2020\/\" class=\"wp-image-943\" srcset=\"https:\/\/adventkirken.info\/arendal\/wp\/wp-content\/uploads\/2020\/07\/kirken-original-2020-1024x498.jpg 1024w, https:\/\/adventkirken.info\/arendal\/wp\/wp-content\/uploads\/2020\/07\/kirken-original-2020-300x146.jpg 300w, https:\/\/adventkirken.info\/arendal\/wp\/wp-content\/uploads\/2020\/07\/kirken-original-2020-1536x747.jpg 1536w, https:\/\/adventkirken.info\/arendal\/wp\/wp-content\/uploads\/2020\/07\/kirken-original-2020-2048x996.jpg 2048w\" sizes=\"auto, (max-width: 1024px) 100vw, 1024px\" \/><\/figure><\/li><li class=\"blocks-gallery-item\"><figure><img loading=\"lazy\" decoding=\"async\" width=\"1024\" height=\"497\" src=\"https:\/\/adventkirken.info\/arendal\/wp\/wp-content\/uploads\/2020\/07\/img_20200621_wa0001-1024x497.jpg\" alt=\"\" data-id=\"945\" data-link=\"https:\/\/adventkirken.info\/arendal\/kirken-var\/img_20200621_wa0001\/\" class=\"wp-image-945\" srcset=\"https:\/\/adventkirken.info\/arendal\/wp\/wp-content\/uploads\/2020\/07\/img_20200621_wa0001-1024x497.jpg 1024w, https:\/\/adventkirken.info\/arendal\/wp\/wp-content\/uploads\/2020\/07\/img_20200621_wa0001-300x146.jpg 300w, https:\/\/adventkirken.info\/arendal\/wp\/wp-content\/uploads\/2020\/07\/img_20200621_wa0001-1536x746.jpg 1536w, https:\/\/adventkirken.info\/arendal\/wp\/wp-content\/uploads\/2020\/07\/img_20200621_wa0001.jpg 1600w\" sizes=\"auto, (max-width: 1024px) 100vw, 1024px\" \/><\/figure><\/li><li class=\"blocks-gallery-item\"><figure><img loading=\"lazy\" decoding=\"async\" width=\"1024\" height=\"498\" src=\"https:\/\/adventkirken.info\/arendal\/wp\/wp-content\/uploads\/2020\/08\/kirkenvar2-1024x498.jpg\" alt=\"\" data-id=\"1091\" data-link=\"https:\/\/adventkirken.info\/arendal\/kirken-var\/kirkenvar2\/\" class=\"wp-image-1091\" srcset=\"https:\/\/adventkirken.info\/arendal\/wp\/wp-content\/uploads\/2020\/08\/kirkenvar2-1024x498.jpg 1024w, https:\/\/adventkirken.info\/arendal\/wp\/wp-content\/uploads\/2020\/08\/kirkenvar2-300x146.jpg 300w, https:\/\/adventkirken.info\/arendal\/wp\/wp-content\/uploads\/2020\/08\/kirkenvar2-1536x747.jpg 1536w, https:\/\/adventkirken.info\/arendal\/wp\/wp-content\/uploads\/2020\/08\/kirkenvar2-2048x996.jpg 2048w\" sizes=\"auto, (max-width: 1024px) 100vw, 1024px\" \/><\/figure><\/li><li class=\"blocks-gallery-item\"><figure><img loading=\"lazy\" decoding=\"async\" width=\"1024\" height=\"498\" src=\"https:\/\/adventkirken.info\/arendal\/wp\/wp-content\/uploads\/2020\/08\/kirkenvar3-1024x498.jpg\" alt=\"\" data-id=\"1092\" data-link=\"https:\/\/adventkirken.info\/arendal\/kirken-var\/kirkenvar3\/\" class=\"wp-image-1092\" srcset=\"https:\/\/adventkirken.info\/arendal\/wp\/wp-content\/uploads\/2020\/08\/kirkenvar3-1024x498.jpg 1024w, https:\/\/adventkirken.info\/arendal\/wp\/wp-content\/uploads\/2020\/08\/kirkenvar3-300x146.jpg 300w, https:\/\/adventkirken.info\/arendal\/wp\/wp-content\/uploads\/2020\/08\/kirkenvar3-1536x747.jpg 1536w, https:\/\/adventkirken.info\/arendal\/wp\/wp-content\/uploads\/2020\/08\/kirkenvar3-2048x996.jpg 2048w\" sizes=\"auto, (max-width: 1024px) 100vw, 1024px\" \/><\/figure><\/li><li class=\"blocks-gallery-item\"><figure><img loading=\"lazy\" decoding=\"async\" width=\"1024\" height=\"498\" src=\"https:\/\/adventkirken.info\/arendal\/wp\/wp-content\/uploads\/2020\/08\/kirkenvar4-1024x498.jpg\" alt=\"\" data-id=\"1093\" data-link=\"https:\/\/adventkirken.info\/arendal\/kirken-var\/kirkenvar4\/\" class=\"wp-image-1093\" srcset=\"https:\/\/adventkirken.info\/arendal\/wp\/wp-content\/uploads\/2020\/08\/kirkenvar4-1024x498.jpg 1024w, https:\/\/adventkirken.info\/arendal\/wp\/wp-content\/uploads\/2020\/08\/kirkenvar4-300x146.jpg 300w, https:\/\/adventkirken.info\/arendal\/wp\/wp-content\/uploads\/2020\/08\/kirkenvar4-1536x747.jpg 1536w, https:\/\/adventkirken.info\/arendal\/wp\/wp-content\/uploads\/2020\/08\/kirkenvar4-2048x996.jpg 2048w\" sizes=\"auto, (max-width: 1024px) 100vw, 1024px\" \/><\/figure><\/li><li class=\"blocks-gallery-item\"><figure><img loading=\"lazy\" decoding=\"async\" width=\"1024\" height=\"768\" src=\"https:\/\/adventkirken.info\/arendal\/wp\/wp-content\/uploads\/2020\/08\/20200813_213729-1024x768.jpg\" alt=\"\" data-id=\"1105\" data-full-url=\"https:\/\/adventkirken.info\/arendal\/wp\/wp-content\/uploads\/2020\/08\/20200813_213729-scaled.jpg\" data-link=\"https:\/\/adventkirken.info\/arendal\/kirken-var\/20200813_213729\/\" class=\"wp-image-1105\" srcset=\"https:\/\/adventkirken.info\/arendal\/wp\/wp-content\/uploads\/2020\/08\/20200813_213729-1024x768.jpg 1024w, https:\/\/adventkirken.info\/arendal\/wp\/wp-content\/uploads\/2020\/08\/20200813_213729-300x225.jpg 300w, https:\/\/adventkirken.info\/arendal\/wp\/wp-content\/uploads\/2020\/08\/20200813_213729-1536x1152.jpg 1536w, https:\/\/adventkirken.info\/arendal\/wp\/wp-content\/uploads\/2020\/08\/20200813_213729-2048x1536.jpg 2048w\" sizes=\"auto, (max-width: 1024px) 100vw, 1024px\" \/><\/figure><\/li><\/ul><\/figure>\n\n\n\n<p>Adventistkirken i Arendal er en del av Syvendedags Adventistenes Verdensforbund (omtrent 17 millioner medlemmer). Dette vil prege noen av aktivitetene, som for eksempel den \u00e5rlige Hjelpeaksjon for U-land og katastrofeomr\u00e5der formidlet via ADRA &#8211; Adventist Development and Relief Agency.<\/p>\n\n\n\n<p><strong>Aktiviteter<\/strong><\/p>\n\n\n\n<p>Faste poster p\u00e5 menighetsprogrammet er Bibelstudium (sabbatsskole) for alle, b\u00e5de voksne og barn, med etterf\u00f8lgende Gudstjeneste hver l\u00f8rdag formiddag.<\/p>\n\n\n\n<p>Det drives aktivt speiderarbeid med m\u00f8ter og leirer lokalt og p\u00e5 landsbasis, og internasjonalt. B\u00f8nnem\u00f8ter, bibelseminarer, helseopplysning og bibelbrevskoletilbud er ogs\u00e5 med i menighetsprogrammet. Alle arrangementer er \u00e5pne for alle.<\/p>\n\n\n\n<p><strong>V\u00e5r visjon<\/strong><\/p>\n\n\n\n<p>Adventistkirken i Arendal eksisterer for \u00e5 levendegj\u00f8re Kristus i v\u00e5re egne og andres liv. Alle sidene ved v\u00e5rt unike budskap skal forkynnes i lys av evangeliet om Jesus Kristus. Vi \u00f8nsker at v\u00e5r kirke skal markere seg som en positiv samfunnsfaktor i lokalmilj\u00f8et. V\u00e5r visjon er videre \u00e5 v\u00e6re et \u00e5ndelig hjem for menigheten og interesserte, der det legges vekt p\u00e5 gjensidig kj\u00e6rlighet, toleranse, omsorg og tillit.<\/p>\n","protected":false},"excerpt":{"rendered":"<p>Historien om kirken v\u00e5r Den f\u00f8rste Syvendedags Adventistkirken p\u00e5 S\u00f8rlandet ble stiftet i Arendal den 13. februar 1892 av danskamerikaneren Knud Brorson. Navnet tilkjennegir to s\u00e6rmerkte trospunkter. Helligholdelsen av sabbaten, ukens syvende dag (l\u00f8rdag), og forventningen om Jesu snare komme. Evangeliets grunnleggende sannhet om frelsen i Jesus Kristus er det sentrale i forkynnelsen. Siden slutten [&hellip;]<\/p>\n","protected":false},"author":2,"featured_media":0,"parent":0,"menu_order":0,"comment_status":"closed","ping_status":"closed","template":"","meta":{"_uag_custom_page_level_css":"","site-sidebar-layout":"default","site-content-layout":"default","ast-site-content-layout":"default","site-content-style":"default","site-sidebar-style":"default","ast-global-header-display":"","ast-banner-title-visibility":"","ast-main-header-display":"","ast-hfb-above-header-display":"","ast-hfb-below-header-display":"","ast-hfb-mobile-header-display":"","site-post-title":"","ast-breadcrumbs-content":"","ast-featured-img":"","footer-sml-layout":"","ast-disable-related-posts":"","theme-transparent-header-meta":"default","adv-header-id-meta":"","stick-header-meta":"default","header-above-stick-meta":"","header-main-stick-meta":"","header-below-stick-meta":"","astra-migrate-meta-layouts":"default","ast-page-background-enabled":"default","ast-page-background-meta":{"desktop":{"background-color":"","background-image":"","background-repeat":"repeat","background-position":"center center","background-size":"auto","background-attachment":"scroll","background-type":"","background-media":"","overlay-type":"","overlay-color":"","overlay-opacity":"","overlay-gradient":""},"tablet":{"background-color":"","background-image":"","background-repeat":"repeat","background-position":"center center","background-size":"auto","background-attachment":"scroll","background-type":"","background-media":"","overlay-type":"","overlay-color":"","overlay-opacity":"","overlay-gradient":""},"mobile":{"background-color":"","background-image":"","background-repeat":"repeat","background-position":"center center","background-size":"auto","background-attachment":"scroll","background-type":"","background-media":"","overlay-type":"","overlay-color":"","overlay-opacity":"","overlay-gradient":""}},"ast-content-background-meta":{"desktop":{"background-color":"var(--ast-global-color-5)","background-image":"","background-repeat":"repeat","background-position":"center center","background-size":"auto","background-attachment":"scroll","background-type":"","background-media":"","overlay-type":"","overlay-color":"","overlay-opacity":"","overlay-gradient":""},"tablet":{"background-color":"var(--ast-global-color-5)","background-image":"","background-repeat":"repeat","background-position":"center center","background-size":"auto","background-attachment":"scroll","background-type":"","background-media":"","overlay-type":"","overlay-color":"","overlay-opacity":"","overlay-gradient":""},"mobile":{"background-color":"var(--ast-global-color-5)","background-image":"","background-repeat":"repeat","background-position":"center center","background-size":"auto","background-attachment":"scroll","background-type":"","background-media":"","overlay-type":"","overlay-color":"","overlay-opacity":"","overlay-gradient":""}},"footnotes":""},"class_list":["post-113","page","type-page","status-publish","hentry"],"uagb_featured_image_src":{"full":false,"thumbnail":false,"medium":false,"medium_large":false,"large":false,"1536x1536":false,"2048x2048":false},"uagb_author_info":{"display_name":"Webredakt\u00f8r","author_link":"https:\/\/adventkirken.info\/arendal\/author\/webredaktor\/"},"uagb_comment_info":0,"uagb_excerpt":"Historien om kirken v\u00e5r Den f\u00f8rste Syvendedags Adventistkirken p\u00e5 S\u00f8rlandet ble stiftet i Arendal den 13. februar 1892 av danskamerikaneren Knud Brorson. Navnet tilkjennegir to s\u00e6rmerkte trospunkter. Helligholdelsen av sabbaten, ukens syvende dag (l\u00f8rdag), og forventningen om Jesu snare komme. Evangeliets grunnleggende sannhet om frelsen i Jesus Kristus er det sentrale i forkynnelsen. Siden slutten&hellip;","_links":{"self":[{"href":"https:\/\/adventkirken.info\/arendal\/wp-json\/wp\/v2\/pages\/113","targetHints":{"allow":["GET"]}}],"collection":[{"href":"https:\/\/adventkirken.info\/arendal\/wp-json\/wp\/v2\/pages"}],"about":[{"href":"https:\/\/adventkirken.info\/arendal\/wp-json\/wp\/v2\/types\/page"}],"author":[{"embeddable":true,"href":"https:\/\/adventkirken.info\/arendal\/wp-json\/wp\/v2\/users\/2"}],"replies":[{"embeddable":true,"href":"https:\/\/adventkirken.info\/arendal\/wp-json\/wp\/v2\/comments?post=113"}],"version-history":[{"count":0,"href":"https:\/\/adventkirken.info\/arendal\/wp-json\/wp\/v2\/pages\/113\/revisions"}],"wp:attachment":[{"href":"https:\/\/adventkirken.info\/arendal\/wp-json\/wp\/v2\/media?parent=113"}],"curies":[{"name":"wp","href":"https:\/\/api.w.org\/{rel}","templated":true}]}}