{"id":119,"date":"2011-10-20T19:44:58","date_gmt":"2011-10-20T17:44:58","guid":{"rendered":"https:\/\/adventkirken.info\/arendal\/?page_id=119"},"modified":"2024-07-05T10:15:10","modified_gmt":"2024-07-05T08:15:10","slug":"lenker","status":"publish","type":"page","link":"https:\/\/adventkirken.info\/arendal\/lenker\/","title":{"rendered":"Lenker"},"content":{"rendered":"<p>Lenker til andre kristne sider og ressurser p\u00e5 Internett.<\/p>\n<p><strong>Norske nettsider<\/strong><\/p>\n<ul>\n<li><a href=\"http:\/\/www.adranorge.no\/\">ADRA Norge<\/a> &#8211; Driver hjelpearbeid i 120 land verden over, og jobber med \u00e5 hjelpe mennesker i n\u00f8d uavhengig av etniske, politiske eller religi\u00f8se forhold.<\/li>\n<li><a href=\"http:\/\/www.adventist.no\/\">Adventist.no<\/a> &#8211; Adventistsamfunnets offisielle nettside.<\/li>\n<li><a href=\"http:\/\/www.adventistinfo.no\/\">Adventistinfo<\/a> &#8211; Adventistenes nyhetsorgan.<\/li>\n<li><a href=\"https:\/\/www.bibleinfo.com\/nn\/search\">Bibleinfo.com \/ bibelemner<\/a> &#8211; Du kan s\u00f8ke b\u00e5de p\u00e5 ord og utrykk, eller i sp\u00f8rsm\u00e5l og emner.<\/li>\n<li><a href=\"http:\/\/bibelstudiet.no\/\">Bibelstudiet.no<\/a> &#8211; Les bibelstudiene p\u00e5 Internett.<\/li>\n<li><a href=\"https:\/\/denstorestriden.no\">Den store striden<\/a> &#8211; Her kan du gratis lytte til Den store striden, samt kj\u00f8pe Alfa &amp; Omega p\u00e5 minnepenn, du kan ogs\u00e5 bestille flere av Ellen G. White sine andre b\u00f8ker.<\/li>\n<li><a href=\"http:\/\/fredheim.org\/\">Fredheim helsesenter<\/a> &#8211; Tilbyr behandling for kolesterolproblemer, diabetes og allergier.<\/li>\n<li><a href=\"http:\/\/www.hopechannel.no\/\">Hope Channel Norge<\/a> &#8211; Programmer p\u00e5 radio og fjernsyn. Temaene viser til kristentro, etikk, mental og fysisk helse, livshistorier og lignende.<\/li>\n<li><a href=\"http:\/\/www.matteson.no\/\">Mattesonskolen<\/a> &#8211; En bibelskole drevet av engasjerte Adventister.<\/li>\n<li><a href=\"http:\/\/www.norskbibelinstitutt.no\/\">Norsk bibelinstitutt<\/a> &#8211; Tilbyr brevkurs i bibelske tema som er relevante for v\u00e5r tid.<\/li>\n<li><a href=\"http:\/\/www.norskbokforlag.no\/\">Norsk bokforlag<\/a> &#8211; Utvalg innen barn og ungdomsb\u00f8ker, vegetariske kokeb\u00f8ker og generell kristen litteratur.<\/li>\n<li><a href=\"http:\/\/www.skogli.no\/\">Skogli helse- og rehabiliteringssenter<\/a> &#8211; Behandlingsprogrammet best\u00e5r av dels trening og undervisning i ulike grupper, dels passiv symptombehandling.<\/li>\n<li><a href=\"http:\/\/www.tyrifjord.vgs.no\/\">Tyrifjord videreg\u00e5ende skole<\/a> &#8211; Skolen eies av Adventistsammfunnet, og det kristne livssynet er sentralt i skolens hverdag og drift. Tilbyr allmenne fag, og helse og sosialfag.<\/li>\n<li><a href=\"https:\/\/www.veientilkristus.no\">Veien til Kristus<\/a> &#8211; Veien til Kristus av Ellen G. White er her lagt ut i sin helhet p\u00e5 Internett.<\/li>\n<\/ul>\n<p><strong>Skandinaviske nettsider<\/strong><\/p>\n<ul>\n<li><a href=\"http:\/\/adventist.dk\/\">Adventist.dk<\/a> &#8211; Syvende dags Adventistkirken i Danmark.<\/li>\n<li><a href=\"http:\/\/www.adventist.se\/\">Adventist.se<\/a> &#8211; Sjundedags Adventistsamfundet i Sverige.<\/li>\n<\/ul>\n<p><strong>Bibelen p\u00e5 Internett<\/strong><\/p>\n<ul>\n<li><a href=\"http:\/\/www.bibelen.no\/\">Bibelen.no<\/a> &#8211; Det norske bibelselskap har lagt ut Bibelen p\u00e5 nettet. Du kan lese den b\u00e5de p\u00e5 bokm\u00e5l, nynorsk og nordsamisk.<\/li>\n<li><a href=\"http:\/\/www2.mf.no\/bibel\/lesbibel.html\">Menighetsfakultetet<\/a> &#8211; Les og gj\u00f8r oppslag i Bibelen, mange utgaver.<\/li>\n<li><a href=\"http:\/\/www.bibelselskabet.dk\/\">Det danske bibelselskab<\/a> &#8211; Overs\u00e6ttelse af Bibelen og De Apokryfe B\u00f8ger, b\u00e5de Dansk, F\u00e6r\u00f8sk og Gr\u00f8ndlands Bibel.<\/li>\n<li><a href=\"http:\/\/runeberg.org\/dkbibel\/\">Project Runeberg<\/a> &#8211; 1933 \u00e5rs danske udgave av Bibelen, du kan ogs\u00e5 laste den ned som en tekstfil.<\/li>\n<\/ul>\n<p><strong>Engelskspr\u00e5klige nettsider<\/strong><\/p>\n<ul>\n<li><a href=\"http:\/\/3abn.org\/\">3ABN<\/a> &#8211; St\u00e5r for &laquo;Three Angels Broadcoasting Network&raquo; og tilbyr kristne fjernsynsprogrammer, her finner du ogs\u00e5 3ABN Radio og 3ABN Musikk.<\/li>\n<li><a href=\"http:\/\/www.adra.org\/\">ADRA International<\/a> &#8211; Driver hjelpearbeid i 120 land verden over, og jobber med \u00e5 hjelpe mennesker i n\u00f8d uavhengig av etniske, politiske eller religi\u00f8se forhold.<\/li>\n<li><a href=\"http:\/\/www.amazingfacts.org\">Amazing Facts<\/a> &#8211; En internasjonal kristen virksomhet som \u00f8nsker \u00e5 spre evangeliet til hele verden gjennom blant annet bibelstudier og taler gjennom ulike medier.<\/li>\n<li><a href=\"http:\/\/www.andrews.edu\/\">Andrews University<\/a> &#8211; Et av Adventistsamfunnets utdannelsessteder, skolen ligger i USA og utdanner blant annet norske pastorer.<\/li>\n<li><a href=\"http:\/\/www.awr.org\/\">Adventist World Radio<\/a> &#8211; Er et internasjonalt religi\u00f8st radioprogram. M\u00e5let med AWR er \u00e5 kunne spre evangeliet til land som ikke er mulige og n\u00e5 p\u00e5 andre m\u00e5ter, spesielt.<\/li>\n<li><a href=\"http:\/\/www.whiteestate.org\/\">Ellen G. White official website<\/a> &#8211; En omfattende side med e-b\u00f8ker og en s\u00f8kbar database med alle Ellen Whites publikasjoner, samt hennes biografi.<\/li>\n<li><a href=\"http:\/\/www.ellengwhitetruth.com\/\">Ellen G. Withe Truth<\/a> &#8211; Nettsted dedikert til Ellen G. White, en produktiv forfatter av kristen litteratur, som adventistene i dag annerkjenner som en profet.<\/li>\n<li><a href=\"http:\/\/lifestyletv.se\/\">LifeStyleTV<\/a> &#8211; En kristen TV-kanal med programmer p\u00e5 engelsk, noen av programmene er i tillegg tekstet p\u00e5 ett eller flere skandinaviske spr\u00e5k.<\/li>\n<li><a href=\"http:\/\/www.adventist.org\/\">Seventh-day Adventist Church<\/a> &#8211; Aktuelle nyheter og begivenheter, og l\u00e6re og tro.<\/li>\n<li><a href=\"http:\/\/home.tagnet.info\/\">TAGnet<\/a> &#8211; Portal for tusenvis av organisasjoner i Syvendedags adventistsamfunnet. TAGnet st\u00e5r for &laquo;Three Angels Global Networking&raquo;. M\u00e5let er \u00e5 gi Syvendedags adventistkirker, skoler og organisasjoner en mulighet til \u00e5 representerer seg p\u00e5 Internett.<\/li>\n<\/ul>\n","protected":false},"excerpt":{"rendered":"<p>Lenker til andre kristne sider og ressurser p\u00e5 Internett. Norske nettsider ADRA Norge &#8211; Driver hjelpearbeid i 120 land verden over, og jobber med \u00e5 hjelpe mennesker i n\u00f8d uavhengig av etniske, politiske eller religi\u00f8se forhold. Adventist.no &#8211; Adventistsamfunnets offisielle nettside. Adventistinfo &#8211; Adventistenes nyhetsorgan. Bibleinfo.com \/ bibelemner &#8211; Du kan s\u00f8ke b\u00e5de p\u00e5 ord [&hellip;]<\/p>\n","protected":false},"author":2,"featured_media":0,"parent":0,"menu_order":0,"comment_status":"closed","ping_status":"closed","template":"","meta":{"_uag_custom_page_level_css":"","site-sidebar-layout":"default","site-content-layout":"","ast-site-content-layout":"default","site-content-style":"default","site-sidebar-style":"default","ast-global-header-display":"","ast-banner-title-visibility":"","ast-main-header-display":"","ast-hfb-above-header-display":"","ast-hfb-below-header-display":"","ast-hfb-mobile-header-display":"","site-post-title":"","ast-breadcrumbs-content":"","ast-featured-img":"","footer-sml-layout":"","ast-disable-related-posts":"","theme-transparent-header-meta":"","adv-header-id-meta":"","stick-header-meta":"","header-above-stick-meta":"","header-main-stick-meta":"","header-below-stick-meta":"","astra-migrate-meta-layouts":"default","ast-page-background-enabled":"default","ast-page-background-meta":{"desktop":{"background-color":"","background-image":"","background-repeat":"repeat","background-position":"center center","background-size":"auto","background-attachment":"scroll","background-type":"","background-media":"","overlay-type":"","overlay-color":"","overlay-opacity":"","overlay-gradient":""},"tablet":{"background-color":"","background-image":"","background-repeat":"repeat","background-position":"center center","background-size":"auto","background-attachment":"scroll","background-type":"","background-media":"","overlay-type":"","overlay-color":"","overlay-opacity":"","overlay-gradient":""},"mobile":{"background-color":"","background-image":"","background-repeat":"repeat","background-position":"center center","background-size":"auto","background-attachment":"scroll","background-type":"","background-media":"","overlay-type":"","overlay-color":"","overlay-opacity":"","overlay-gradient":""}},"ast-content-background-meta":{"desktop":{"background-color":"var(--ast-global-color-5)","background-image":"","background-repeat":"repeat","background-position":"center center","background-size":"auto","background-attachment":"scroll","background-type":"","background-media":"","overlay-type":"","overlay-color":"","overlay-opacity":"","overlay-gradient":""},"tablet":{"background-color":"var(--ast-global-color-5)","background-image":"","background-repeat":"repeat","background-position":"center center","background-size":"auto","background-attachment":"scroll","background-type":"","background-media":"","overlay-type":"","overlay-color":"","overlay-opacity":"","overlay-gradient":""},"mobile":{"background-color":"var(--ast-global-color-5)","background-image":"","background-repeat":"repeat","background-position":"center center","background-size":"auto","background-attachment":"scroll","background-type":"","background-media":"","overlay-type":"","overlay-color":"","overlay-opacity":"","overlay-gradient":""}},"footnotes":""},"class_list":["post-119","page","type-page","status-publish","hentry"],"uagb_featured_image_src":{"full":false,"thumbnail":false,"medium":false,"medium_large":false,"large":false,"1536x1536":false,"2048x2048":false},"uagb_author_info":{"display_name":"Webredakt\u00f8r","author_link":"https:\/\/adventkirken.info\/arendal\/author\/webredaktor\/"},"uagb_comment_info":0,"uagb_excerpt":"Lenker til andre kristne sider og ressurser p\u00e5 Internett. Norske nettsider ADRA Norge &#8211; Driver hjelpearbeid i 120 land verden over, og jobber med \u00e5 hjelpe mennesker i n\u00f8d uavhengig av etniske, politiske eller religi\u00f8se forhold. Adventist.no &#8211; Adventistsamfunnets offisielle nettside. Adventistinfo &#8211; Adventistenes nyhetsorgan. Bibleinfo.com \/ bibelemner &#8211; Du kan s\u00f8ke b\u00e5de p\u00e5 ord&hellip;","_links":{"self":[{"href":"https:\/\/adventkirken.info\/arendal\/wp-json\/wp\/v2\/pages\/119","targetHints":{"allow":["GET"]}}],"collection":[{"href":"https:\/\/adventkirken.info\/arendal\/wp-json\/wp\/v2\/pages"}],"about":[{"href":"https:\/\/adventkirken.info\/arendal\/wp-json\/wp\/v2\/types\/page"}],"author":[{"embeddable":true,"href":"https:\/\/adventkirken.info\/arendal\/wp-json\/wp\/v2\/users\/2"}],"replies":[{"embeddable":true,"href":"https:\/\/adventkirken.info\/arendal\/wp-json\/wp\/v2\/comments?post=119"}],"version-history":[{"count":0,"href":"https:\/\/adventkirken.info\/arendal\/wp-json\/wp\/v2\/pages\/119\/revisions"}],"wp:attachment":[{"href":"https:\/\/adventkirken.info\/arendal\/wp-json\/wp\/v2\/media?parent=119"}],"curies":[{"name":"wp","href":"https:\/\/api.w.org\/{rel}","templated":true}]}}