{"id":122,"date":"2011-10-20T19:50:04","date_gmt":"2011-10-20T17:50:04","guid":{"rendered":"https:\/\/adventkirken.info\/arendal\/?page_id=122"},"modified":"2024-07-05T10:15:10","modified_gmt":"2024-07-05T08:15:10","slug":"boker","status":"publish","type":"page","link":"https:\/\/adventkirken.info\/arendal\/boker\/","title":{"rendered":"Gratis bok"},"content":{"rendered":"<p>Her er en gratis gavebok fra Adventkirken i Arendal til deg!<\/p>\n<p><img loading=\"lazy\" decoding=\"async\" style=\"margin-top:20px;\" src=\"https:\/\/adventkirken.info\/arendal\/wp\/wp-content\/uploads\/2011\/10\/mot_historiens_klimaks.jpg\" alt=\"\" title=\"mot_historiens_klimaks\" width=\"91\" height=\"116\" class=\"alignright size-full wp-image-124\"> <strong>Mot historien Klimaks av Ellen G. White<\/strong><\/p>\n<p>Hva betyr de mange fenomener og omveltninger i naturen og i den politiske og religi\u00f8se verden? Hvilke krefter er i virksomhet bak kulissene? Hvor finner vi fremtidens religi\u00f8se og politiske maktsentrum? Denne boken gj\u00f8r sp\u00f8rsm\u00e5lstegnene om til utropstegn!<\/p>\n<p><strong>Slik bestiller du<\/strong><\/p>\n<p>Bruk <a href=\"https:\/\/adventkirken.info\/arendal\/kontakt\/\">kontaktskjemaet<\/a> for \u00e5 bestille ditt eksemplar av gaveboken og oppgi boken du \u00f8nsker, samt din postadresse. Boken sendes til deg helt kostandsfritt!<\/p>\n","protected":false},"excerpt":{"rendered":"<p>Her er en gratis gavebok fra Adventkirken i Arendal til deg! Mot historien Klimaks av Ellen G. White Hva betyr de mange fenomener og omveltninger i naturen og i den politiske og religi\u00f8se verden? Hvilke krefter er i virksomhet bak kulissene? Hvor finner vi fremtidens religi\u00f8se og politiske maktsentrum? Denne boken gj\u00f8r sp\u00f8rsm\u00e5lstegnene om til [&hellip;]<\/p>\n","protected":false},"author":2,"featured_media":0,"parent":0,"menu_order":0,"comment_status":"closed","ping_status":"closed","template":"","meta":{"_uag_custom_page_level_css":"","site-sidebar-layout":"default","site-content-layout":"default","ast-site-content-layout":"default","site-content-style":"default","site-sidebar-style":"default","ast-global-header-display":"","ast-banner-title-visibility":"","ast-main-header-display":"","ast-hfb-above-header-display":"","ast-hfb-below-header-display":"","ast-hfb-mobile-header-display":"","site-post-title":"","ast-breadcrumbs-content":"","ast-featured-img":"","footer-sml-layout":"","ast-disable-related-posts":"","theme-transparent-header-meta":"default","adv-header-id-meta":"","stick-header-meta":"default","header-above-stick-meta":"","header-main-stick-meta":"","header-below-stick-meta":"","astra-migrate-meta-layouts":"default","ast-page-background-enabled":"default","ast-page-background-meta":{"desktop":{"background-color":"","background-image":"","background-repeat":"repeat","background-position":"center center","background-size":"auto","background-attachment":"scroll","background-type":"","background-media":"","overlay-type":"","overlay-color":"","overlay-opacity":"","overlay-gradient":""},"tablet":{"background-color":"","background-image":"","background-repeat":"repeat","background-position":"center center","background-size":"auto","background-attachment":"scroll","background-type":"","background-media":"","overlay-type":"","overlay-color":"","overlay-opacity":"","overlay-gradient":""},"mobile":{"background-color":"","background-image":"","background-repeat":"repeat","background-position":"center center","background-size":"auto","background-attachment":"scroll","background-type":"","background-media":"","overlay-type":"","overlay-color":"","overlay-opacity":"","overlay-gradient":""}},"ast-content-background-meta":{"desktop":{"background-color":"var(--ast-global-color-5)","background-image":"","background-repeat":"repeat","background-position":"center center","background-size":"auto","background-attachment":"scroll","background-type":"","background-media":"","overlay-type":"","overlay-color":"","overlay-opacity":"","overlay-gradient":""},"tablet":{"background-color":"var(--ast-global-color-5)","background-image":"","background-repeat":"repeat","background-position":"center center","background-size":"auto","background-attachment":"scroll","background-type":"","background-media":"","overlay-type":"","overlay-color":"","overlay-opacity":"","overlay-gradient":""},"mobile":{"background-color":"var(--ast-global-color-5)","background-image":"","background-repeat":"repeat","background-position":"center center","background-size":"auto","background-attachment":"scroll","background-type":"","background-media":"","overlay-type":"","overlay-color":"","overlay-opacity":"","overlay-gradient":""}},"footnotes":""},"class_list":["post-122","page","type-page","status-publish","hentry"],"uagb_featured_image_src":{"full":false,"thumbnail":false,"medium":false,"medium_large":false,"large":false,"1536x1536":false,"2048x2048":false},"uagb_author_info":{"display_name":"Webredakt\u00f8r","author_link":"https:\/\/adventkirken.info\/arendal\/author\/webredaktor\/"},"uagb_comment_info":0,"uagb_excerpt":"Her er en gratis gavebok fra Adventkirken i Arendal til deg! Mot historien Klimaks av Ellen G. White Hva betyr de mange fenomener og omveltninger i naturen og i den politiske og religi\u00f8se verden? Hvilke krefter er i virksomhet bak kulissene? Hvor finner vi fremtidens religi\u00f8se og politiske maktsentrum? Denne boken gj\u00f8r sp\u00f8rsm\u00e5lstegnene om til&hellip;","_links":{"self":[{"href":"https:\/\/adventkirken.info\/arendal\/wp-json\/wp\/v2\/pages\/122","targetHints":{"allow":["GET"]}}],"collection":[{"href":"https:\/\/adventkirken.info\/arendal\/wp-json\/wp\/v2\/pages"}],"about":[{"href":"https:\/\/adventkirken.info\/arendal\/wp-json\/wp\/v2\/types\/page"}],"author":[{"embeddable":true,"href":"https:\/\/adventkirken.info\/arendal\/wp-json\/wp\/v2\/users\/2"}],"replies":[{"embeddable":true,"href":"https:\/\/adventkirken.info\/arendal\/wp-json\/wp\/v2\/comments?post=122"}],"version-history":[{"count":0,"href":"https:\/\/adventkirken.info\/arendal\/wp-json\/wp\/v2\/pages\/122\/revisions"}],"wp:attachment":[{"href":"https:\/\/adventkirken.info\/arendal\/wp-json\/wp\/v2\/media?parent=122"}],"curies":[{"name":"wp","href":"https:\/\/api.w.org\/{rel}","templated":true}]}}