{"id":564,"date":"2017-10-09T10:17:59","date_gmt":"2017-10-09T08:17:59","guid":{"rendered":"https:\/\/adventkirken.info\/arendal\/?page_id=564"},"modified":"2024-07-05T10:15:09","modified_gmt":"2024-07-05T08:15:09","slug":"bonneringen","status":"publish","type":"page","link":"https:\/\/adventkirken.info\/arendal\/bonneringen\/","title":{"rendered":"Velkommen til b\u00f8nneringen!"},"content":{"rendered":"<p>Hvis du vil at vi skal be for deg eller noen du kjenner kan du skrive det i tekstboksen og trykke p\u00e5 &laquo;Send b\u00f8nne\u00f8nske&raquo;. Vi ber over b\u00f8nne\u00f8nsket p\u00e5 b\u00f8nnesamlingen v\u00e5r. Alt blir anonymt hvis du ikke skriver navnet ditt.<\/p>\n<div class=\"wpforms-container wpforms-container-full\" id=\"wpforms-563\"><form id=\"wpforms-form-563\" class=\"wpforms-validate wpforms-form\" data-formid=\"563\" method=\"post\" enctype=\"multipart\/form-data\" action=\"\/arendal\/wp-json\/wp\/v2\/pages\/564\" data-token=\"c311a295a09e7c260154a1aedf8324e7\" data-token-time=\"1776565785\"><noscript class=\"wpforms-error-noscript\">Please enable JavaScript in your browser to complete this form.<\/noscript><div class=\"wpforms-field-container\"><div id=\"wpforms-563-field_4-container\" class=\"wpforms-field wpforms-field-textarea\" data-field-id=\"4\"><label class=\"wpforms-field-label\" for=\"wpforms-563-field_4\">Skriv inn ditt b\u00f8nne\u00f8nske <span class=\"wpforms-required-label\">*<\/span><\/label><textarea id=\"wpforms-563-field_4\" class=\"wpforms-field-large wpforms-field-required\" name=\"wpforms[fields][4]\" required><\/textarea><\/div><\/div><!-- .wpforms-field-container --><div class=\"wpforms-field wpforms-field-hp\"><label for=\"wpforms-563-field-hp\" class=\"wpforms-field-label\">Email<\/label><input type=\"text\" name=\"wpforms[hp]\" id=\"wpforms-563-field-hp\" class=\"wpforms-field-medium\"><\/div><div class=\"wpforms-recaptcha-container wpforms-is-recaptcha wpforms-is-recaptcha-type-v3\" ><input type=\"hidden\" name=\"wpforms[recaptcha]\" value=\"\"><\/div><div class=\"wpforms-submit-container\" ><input type=\"hidden\" name=\"wpforms[id]\" value=\"563\"><input type=\"hidden\" name=\"page_title\" value=\"\"><input type=\"hidden\" name=\"page_url\" value=\"https:\/\/adventkirken.info\/arendal\/wp-json\/wp\/v2\/pages\/564\"><input type=\"hidden\" name=\"url_referer\" value=\"\"><button type=\"submit\" name=\"wpforms[submit]\" id=\"wpforms-submit-563\" class=\"wpforms-submit\" data-alt-text=\"Sender ...\" data-submit-text=\"Send b\u00f8nne\u00f8nske\" aria-live=\"assertive\" value=\"wpforms-submit\">Send b\u00f8nne\u00f8nske<\/button><\/div><\/form><\/div>  <!-- .wpforms-container -->\n","protected":false},"excerpt":{"rendered":"<p>Hvis du vil at vi skal be for deg eller noen du kjenner kan du skrive det i tekstboksen og trykke p\u00e5 &laquo;Send b\u00f8nne\u00f8nske&raquo;. Vi ber over b\u00f8nne\u00f8nsket p\u00e5 b\u00f8nnesamlingen v\u00e5r. Alt blir anonymt hvis du ikke skriver navnet ditt.<\/p>\n","protected":false},"author":1,"featured_media":0,"parent":0,"menu_order":0,"comment_status":"closed","ping_status":"closed","template":"","meta":{"_uag_custom_page_level_css":"","site-sidebar-layout":"default","site-content-layout":"","ast-site-content-layout":"default","site-content-style":"default","site-sidebar-style":"default","ast-global-header-display":"","ast-banner-title-visibility":"","ast-main-header-display":"","ast-hfb-above-header-display":"","ast-hfb-below-header-display":"","ast-hfb-mobile-header-display":"","site-post-title":"","ast-breadcrumbs-content":"","ast-featured-img":"","footer-sml-layout":"","ast-disable-related-posts":"","theme-transparent-header-meta":"","adv-header-id-meta":"","stick-header-meta":"","header-above-stick-meta":"","header-main-stick-meta":"","header-below-stick-meta":"","astra-migrate-meta-layouts":"default","ast-page-background-enabled":"default","ast-page-background-meta":{"desktop":{"background-color":"","background-image":"","background-repeat":"repeat","background-position":"center center","background-size":"auto","background-attachment":"scroll","background-type":"","background-media":"","overlay-type":"","overlay-color":"","overlay-opacity":"","overlay-gradient":""},"tablet":{"background-color":"","background-image":"","background-repeat":"repeat","background-position":"center center","background-size":"auto","background-attachment":"scroll","background-type":"","background-media":"","overlay-type":"","overlay-color":"","overlay-opacity":"","overlay-gradient":""},"mobile":{"background-color":"","background-image":"","background-repeat":"repeat","background-position":"center center","background-size":"auto","background-attachment":"scroll","background-type":"","background-media":"","overlay-type":"","overlay-color":"","overlay-opacity":"","overlay-gradient":""}},"ast-content-background-meta":{"desktop":{"background-color":"var(--ast-global-color-5)","background-image":"","background-repeat":"repeat","background-position":"center center","background-size":"auto","background-attachment":"scroll","background-type":"","background-media":"","overlay-type":"","overlay-color":"","overlay-opacity":"","overlay-gradient":""},"tablet":{"background-color":"var(--ast-global-color-5)","background-image":"","background-repeat":"repeat","background-position":"center center","background-size":"auto","background-attachment":"scroll","background-type":"","background-media":"","overlay-type":"","overlay-color":"","overlay-opacity":"","overlay-gradient":""},"mobile":{"background-color":"var(--ast-global-color-5)","background-image":"","background-repeat":"repeat","background-position":"center center","background-size":"auto","background-attachment":"scroll","background-type":"","background-media":"","overlay-type":"","overlay-color":"","overlay-opacity":"","overlay-gradient":""}},"footnotes":""},"class_list":["post-564","page","type-page","status-publish","hentry"],"uagb_featured_image_src":{"full":false,"thumbnail":false,"medium":false,"medium_large":false,"large":false,"1536x1536":false,"2048x2048":false},"uagb_author_info":{"display_name":"Asle","author_link":"https:\/\/adventkirken.info\/arendal\/author\/asleo\/"},"uagb_comment_info":0,"uagb_excerpt":"Hvis du vil at vi skal be for deg eller noen du kjenner kan du skrive det i tekstboksen og trykke p\u00e5 &laquo;Send b\u00f8nne\u00f8nske&raquo;. Vi ber over b\u00f8nne\u00f8nsket p\u00e5 b\u00f8nnesamlingen v\u00e5r. Alt blir anonymt hvis du ikke skriver navnet ditt.","_links":{"self":[{"href":"https:\/\/adventkirken.info\/arendal\/wp-json\/wp\/v2\/pages\/564","targetHints":{"allow":["GET"]}}],"collection":[{"href":"https:\/\/adventkirken.info\/arendal\/wp-json\/wp\/v2\/pages"}],"about":[{"href":"https:\/\/adventkirken.info\/arendal\/wp-json\/wp\/v2\/types\/page"}],"author":[{"embeddable":true,"href":"https:\/\/adventkirken.info\/arendal\/wp-json\/wp\/v2\/users\/1"}],"replies":[{"embeddable":true,"href":"https:\/\/adventkirken.info\/arendal\/wp-json\/wp\/v2\/comments?post=564"}],"version-history":[{"count":0,"href":"https:\/\/adventkirken.info\/arendal\/wp-json\/wp\/v2\/pages\/564\/revisions"}],"wp:attachment":[{"href":"https:\/\/adventkirken.info\/arendal\/wp-json\/wp\/v2\/media?parent=564"}],"curies":[{"name":"wp","href":"https:\/\/api.w.org\/{rel}","templated":true}]}}